{"id":158,"date":"2018-12-08T08:51:58","date_gmt":"2018-12-08T08:51:58","guid":{"rendered":"https:\/\/themeplanet.club\/graphicmarket\/?page_id=158"},"modified":"2019-10-14T11:51:01","modified_gmt":"2019-10-14T08:51:01","slug":"iptal-iade-degisim-politikasi","status":"publish","type":"page","link":"https:\/\/ipekhosting.com\/store\/iptal-iade-degisim-politikasi\/","title":{"rendered":"\u0130ptal \u0130ade De\u011fi\u015fim Politikas\u0131"},"content":{"rendered":"\t\t<div data-elementor-type=\"wp-post\" data-elementor-id=\"158\" class=\"elementor elementor-158\">\n\t\t\t\t\t\t<div class=\"elementor-inner\">\n\t\t\t\t<div class=\"elementor-section-wrap\">\n\t\t\t\t\t\t\t\t\t<section class=\"elementor-section elementor-top-section elementor-element elementor-element-432d0e17 elementor-section-boxed elementor-section-height-default elementor-section-height-default\" data-id=\"432d0e17\" data-element_type=\"section\">\n\t\t\t\t\t\t<div class=\"elementor-container elementor-column-gap-default\">\n\t\t\t\t\t\t\t<div class=\"elementor-row\">\n\t\t\t\t\t<div class=\"elementor-column elementor-col-100 elementor-top-column elementor-element elementor-element-4de3c0a7\" data-id=\"4de3c0a7\" data-element_type=\"column\">\n\t\t\t<div class=\"elementor-column-wrap elementor-element-populated\">\n\t\t\t\t\t\t\t<div class=\"elementor-widget-wrap\">\n\t\t\t\t\t\t<div class=\"elementor-element elementor-element-383ca40c elementor-widget elementor-widget-text-editor\" data-id=\"383ca40c\" data-element_type=\"widget\" data-widget_type=\"text-editor.default\">\n\t\t\t\t<div class=\"elementor-widget-container\">\n\t\t\t\t\t\t\t\t<div class=\"elementor-text-editor elementor-clearfix\">\n\t\t\t\t<h2>\u0130ptal \u0130ade De\u011fi\u015fim Politikas\u0131<\/h2><h2><span style=\"color: #7a7a7a; font-family: Roboto, sans-serif; font-weight: 400; font-size: 1rem;\">Web sitemizden sat\u0131n alm\u0131\u015f \u00fcr\u00fcnleri sitemizin y\u00f6nlendirece\u011fi linklerden indirebilirsiniz.\u00a0<\/span><\/h2><div><span style=\"color: #7a7a7a; font-family: Roboto, sans-serif; font-weight: 400; font-size: 1rem;\">Sipari\u015f vermi\u015f oldu\u011funuz \u00fcr\u00fcnler haz\u0131r paket \u00fcr\u00fcnler ise hemen indirilebilir olarak size sunulacakt\u0131r. Kurum gerektiren yada sizden bilgi al\u0131nmas\u0131 gereken &amp; \u00f6zel sipari\u015f \u00fcr\u00fcnler ise gerekli i\u015flem yap\u0131ld\u0131ktan sonra taraf\u0131n\u0131za teslim edilecektir.<\/span><br \/><br \/><span style=\"color: #7a7a7a; font-family: Roboto, sans-serif; font-weight: 400; font-size: 1rem;\">\u0130ndirilmi\u015f yada kurulumu yap\u0131lm\u0131\u015f \u00fcr\u00fcnlerde geri iade se\u00e7ene\u011fi \u00fcr\u00fcn\u00fcn geri iade al\u0131namaca\u011f\u0131ndan dolay\u0131 yoktur.<\/span><\/div><div><span style=\"color: #7a7a7a; font-family: Roboto, sans-serif; font-weight: 400; font-size: 1rem;\">\u00a0<\/span><\/div><p>\u0130ade al\u0131nabilecek \u00fcr\u00fcn grubu \u00f6zel sipari\u015f verilmi\u015f ve daha i\u015flem ba\u015flat\u0131lmam\u0131\u015f \u00fcr\u00fcn grubudur. \u0130ade taleplerinizi info [at] ipekhosting.com adresine yada sitemizde ki ileti\u015fim formlar\u0131ndan iletebilirsiniz.<\/p><p>\u0130ade i\u015flemi onaylanmas\u0131 durumunda kredi kart\u0131n\u0131za yada banka hesab\u0131n\u0131za \u00f6demeniz bizim tarafta 3 i\u015f g\u00fcn\u00fc, banka taraf\u0131ndan prosed\u00fcr g\u00fcn\u00fc kadar bekledikten sonra iadesi ger\u00e7ekle\u015fecektir.<\/p><p>\u00a0<\/p>\t\t\t\t\t<\/div>\n\t\t\t\t\t\t<\/div>\n\t\t\t\t<\/div>\n\t\t\t\t\t\t<\/div>\n\t\t\t\t\t<\/div>\n\t\t<\/div>\n\t\t\t\t\t\t\t\t<\/div>\n\t\t\t\t\t<\/div>\n\t\t<\/section>\n\t\t\t\t\t\t\t\t\t<\/div>\n\t\t\t<\/div>\n\t\t\t\t\t<\/div>\n\t\t","protected":false},"excerpt":{"rendered":"<p>[vc_row][vc_column][vc_column_text] \u0130ptal \u0130ade De\u011fi\u015fim Politikas\u0131 Web sitemizden sat\u0131n alm\u0131\u015f \u00fcr\u00fcnleri sitemizin y\u00f6nlendirece\u011fi linklerden indirebilirsiniz. Sipari\u015f vermi\u015f oldu\u011funuz \u00fcr\u00fcnler haz\u0131r paket \u00fcr\u00fcnler ise hemen indirilebilir olarak size sunulacakt\u0131r. Kurum gerektiren yada sizden bilgi al\u0131nmas\u0131 gereken &amp; \u00f6zel sipari\u015f \u00fcr\u00fcnler ise gerekli i\u015flem yap\u0131ld\u0131ktan sonra taraf\u0131n\u0131za teslim edilecektir. \u0130ndirilmi\u015f yada kurulumu yap\u0131lm\u0131\u015f \u00fcr\u00fcnlerde geri iade se\u00e7ene\u011fi \u00fcr\u00fcn\u00fcn [&hellip;]<\/p>\n","protected":false},"author":1,"featured_media":0,"parent":0,"menu_order":0,"comment_status":"closed","ping_status":"closed","template":"","meta":[],"_links":{"self":[{"href":"https:\/\/ipekhosting.com\/store\/wp-json\/wp\/v2\/pages\/158"}],"collection":[{"href":"https:\/\/ipekhosting.com\/store\/wp-json\/wp\/v2\/pages"}],"about":[{"href":"https:\/\/ipekhosting.com\/store\/wp-json\/wp\/v2\/types\/page"}],"author":[{"embeddable":true,"href":"https:\/\/ipekhosting.com\/store\/wp-json\/wp\/v2\/users\/1"}],"replies":[{"embeddable":true,"href":"https:\/\/ipekhosting.com\/store\/wp-json\/wp\/v2\/comments?post=158"}],"version-history":[{"count":3,"href":"https:\/\/ipekhosting.com\/store\/wp-json\/wp\/v2\/pages\/158\/revisions"}],"predecessor-version":[{"id":1907,"href":"https:\/\/ipekhosting.com\/store\/wp-json\/wp\/v2\/pages\/158\/revisions\/1907"}],"wp:attachment":[{"href":"https:\/\/ipekhosting.com\/store\/wp-json\/wp\/v2\/media?parent=158"}],"curies":[{"name":"wp","href":"https:\/\/api.w.org\/{rel}","templated":true}]}}