{"id":124,"date":"2018-12-08T08:33:14","date_gmt":"2018-12-08T08:33:14","guid":{"rendered":"https:\/\/themeplanet.club\/graphicmarket\/?page_id=124"},"modified":"2019-10-21T09:33:00","modified_gmt":"2019-10-21T06:33:00","slug":"hizmet","status":"publish","type":"page","link":"https:\/\/ipekhosting.com\/store\/hizmet\/","title":{"rendered":"Hizmet"},"content":{"rendered":"\t\t<div data-elementor-type=\"wp-post\" data-elementor-id=\"124\" class=\"elementor elementor-124\">\n\t\t\t\t\t\t<div class=\"elementor-inner\">\n\t\t\t\t<div class=\"elementor-section-wrap\">\n\t\t\t\t\t\t\t\t\t<section class=\"elementor-section elementor-top-section elementor-element elementor-element-cd6c9f3 elementor-section-boxed elementor-section-height-default elementor-section-height-default\" data-id=\"cd6c9f3\" data-element_type=\"section\" data-settings=\"{&quot;background_background&quot;:&quot;classic&quot;}\">\n\t\t\t\t\t\t<div class=\"elementor-container elementor-column-gap-default\">\n\t\t\t\t\t\t\t<div class=\"elementor-row\">\n\t\t\t\t\t<div class=\"elementor-column elementor-col-100 elementor-top-column elementor-element elementor-element-e3685dc\" data-id=\"e3685dc\" data-element_type=\"column\">\n\t\t\t<div class=\"elementor-column-wrap elementor-element-populated\">\n\t\t\t\t\t\t\t<div class=\"elementor-widget-wrap\">\n\t\t\t\t\t\t<div class=\"elementor-element elementor-element-bacdb72 elementor-widget elementor-widget-heading\" data-id=\"bacdb72\" data-element_type=\"widget\" data-widget_type=\"heading.default\">\n\t\t\t\t<div class=\"elementor-widget-container\">\n\t\t\t<h4 class=\"elementor-heading-title elementor-size-default\">Sizler i\u00e7in sitemizde S\u0131k Sorulan Sorular\u0131 derledik...<\/h4>\t\t<\/div>\n\t\t\t\t<\/div>\n\t\t\t\t\t\t<\/div>\n\t\t\t\t\t<\/div>\n\t\t<\/div>\n\t\t\t\t\t\t\t\t<\/div>\n\t\t\t\t\t<\/div>\n\t\t<\/section>\n\t\t\t\t<section class=\"elementor-section elementor-top-section elementor-element elementor-element-e389156 elementor-section-boxed elementor-section-height-default elementor-section-height-default\" data-id=\"e389156\" data-element_type=\"section\">\n\t\t\t\t\t\t<div class=\"elementor-container elementor-column-gap-default\">\n\t\t\t\t\t\t\t<div class=\"elementor-row\">\n\t\t\t\t\t<div class=\"elementor-column elementor-col-100 elementor-top-column elementor-element elementor-element-d6f1608\" data-id=\"d6f1608\" data-element_type=\"column\">\n\t\t\t<div class=\"elementor-column-wrap elementor-element-populated\">\n\t\t\t\t\t\t\t<div class=\"elementor-widget-wrap\">\n\t\t\t\t\t\t<div class=\"elementor-element elementor-element-b9efbb1 elementor-widget elementor-widget-mayosis-license-grid\" data-id=\"b9efbb1\" data-element_type=\"widget\" data-widget_type=\"mayosis-license-grid.default\">\n\t\t\t\t<div class=\"elementor-widget-container\">\n\t\t\t\n\n\t\t\t    \t\t  \t\t<div class=\"dm_licence_main\">\n\t\t<h2 class=\"licence_main_title youcantitle\">Hizmetler<\/h2>\n\t\t<div class=\"main_content_licence youcan\">\n\t\t\t\t\t<table class=\"table table-striped\">\n\t\t\t\t\t\t\t<tr>\n\t\t\t\t\t<td>Global anlamda kodlama yap\u0131s\u0131.<\/td>\n\t\t\t\t\t<td>\n\t\t\t\t\t<span class=\"fa-stack fa-lg\">\n\t\t\t\t\t  <i class=\"fa fa-circle fa-stack-2x icon-background1\"><\/i>\n\t\t\t\t\t  <i class=\"fa fa-check fa-stack-1x color_ic_n\"><\/i>\n\t\t\t\t\t<\/span>\n\t\t\t\t\t<\/td>\n\t\t\t\t<\/tr>\n\t\t\t\t\t\t\t\t<tr>\n\t\t\t\t\t<td>Yayg\u0131n bilinen k\u00fct\u00fcphane kullan\u0131m\u0131.<\/td>\n\t\t\t\t\t<td>\n\t\t\t\t\t<span class=\"fa-stack fa-lg\">\n\t\t\t\t\t  <i class=\"fa fa-circle fa-stack-2x icon-background1\"><\/i>\n\t\t\t\t\t  <i class=\"fa fa-check fa-stack-1x color_ic_n\"><\/i>\n\t\t\t\t\t<\/span>\n\t\t\t\t\t<\/td>\n\t\t\t\t<\/tr>\n\t\t\t\t\t\t\t\t<tr>\n\t\t\t\t\t<td>H\u0131zl\u0131 kurulum hizmeti.<\/td>\n\t\t\t\t\t<td>\n\t\t\t\t\t<span class=\"fa-stack fa-lg\">\n\t\t\t\t\t  <i class=\"fa fa-circle fa-stack-2x icon-background1\"><\/i>\n\t\t\t\t\t  <i class=\"fa fa-check fa-stack-1x color_ic_n\"><\/i>\n\t\t\t\t\t<\/span>\n\t\t\t\t\t<\/td>\n\t\t\t\t<\/tr>\n\t\t\t\t\t\t\t<\/table>\n\t\t\t\t\t<\/div>\n\t<\/div>\n\t\n\t\t\t\n\t\t\t  \t\t\t<div class=\"dm_licence_main\">\n\t\t<h2 class=\"licence_main_title youcannottitle\">Bizde Olmayan Hizmetler<\/h2>\n\t\t<div class=\"main_content_licence youcannot\">\n\t\t\t\t\t<table class=\"table table-striped\">\n\t\t\t\t\t\t\t<tr>\n\t\t\t\t\t<td>K\u00f6t\u00fc kod yap\u0131s\u0131.<\/td>\n\t\t\t\t\t<td>\n\t\t\t\t\t<span class=\"fa-stack fa-lg\">\n\t\t\t\t\t  <i class=\"fa fa-circle fa-stack-2x icon-background1\"><\/i>\n\t\t\t\t\t  <i class=\"fa fa-times fa-stack-1x color_ic_n\"><\/i>\n\t\t\t\t\t<\/span>\n\t\t\t\t\t<\/td>\n\t\t\t\t<\/tr>\n\t\t\t\t\t\t\t\t<tr>\n\t\t\t\t\t<td>Sadece bize \u00f6zel k\u00fct\u00fcphaneler.<\/td>\n\t\t\t\t\t<td>\n\t\t\t\t\t<span class=\"fa-stack fa-lg\">\n\t\t\t\t\t  <i class=\"fa fa-circle fa-stack-2x icon-background1\"><\/i>\n\t\t\t\t\t  <i class=\"fa fa-times fa-stack-1x color_ic_n\"><\/i>\n\t\t\t\t\t<\/span>\n\t\t\t\t\t<\/td>\n\t\t\t\t<\/tr>\n\t\t\t\t\t\t\t\t<tr>\n\t\t\t\t\t<td>G\u00fcnlerce verilmeyen hizmetler.<\/td>\n\t\t\t\t\t<td>\n\t\t\t\t\t<span class=\"fa-stack fa-lg\">\n\t\t\t\t\t  <i class=\"fa fa-circle fa-stack-2x icon-background1\"><\/i>\n\t\t\t\t\t  <i class=\"fa fa-times fa-stack-1x color_ic_n\"><\/i>\n\t\t\t\t\t<\/span>\n\t\t\t\t\t<\/td>\n\t\t\t\t<\/tr>\n\t\t\t\t\n\t\t\t\n\t\t\t<\/table>\n\t\t\t\n\t\t<\/div>\n\t<\/div>\n\t\t\t\t\n\t            \n\n      \t\t<\/div>\n\t\t\t\t<\/div>\n\t\t\t\t\t\t<\/div>\n\t\t\t\t\t<\/div>\n\t\t<\/div>\n\t\t\t\t\t\t\t\t<\/div>\n\t\t\t\t\t<\/div>\n\t\t<\/section>\n\t\t\t\t\t\t\t\t\t<\/div>\n\t\t\t<\/div>\n\t\t\t\t\t<\/div>\n\t\t","protected":false},"excerpt":{"rendered":"<p>Sizler i\u00e7in sitemizde S\u0131k Sorulan Sorular\u0131 derledik&#8230;<\/p>\n","protected":false},"author":1,"featured_media":0,"parent":0,"menu_order":0,"comment_status":"closed","ping_status":"closed","template":"full-width-template.php","meta":[],"_links":{"self":[{"href":"https:\/\/ipekhosting.com\/store\/wp-json\/wp\/v2\/pages\/124"}],"collection":[{"href":"https:\/\/ipekhosting.com\/store\/wp-json\/wp\/v2\/pages"}],"about":[{"href":"https:\/\/ipekhosting.com\/store\/wp-json\/wp\/v2\/types\/page"}],"author":[{"embeddable":true,"href":"https:\/\/ipekhosting.com\/store\/wp-json\/wp\/v2\/users\/1"}],"replies":[{"embeddable":true,"href":"https:\/\/ipekhosting.com\/store\/wp-json\/wp\/v2\/comments?post=124"}],"version-history":[{"count":4,"href":"https:\/\/ipekhosting.com\/store\/wp-json\/wp\/v2\/pages\/124\/revisions"}],"predecessor-version":[{"id":1936,"href":"https:\/\/ipekhosting.com\/store\/wp-json\/wp\/v2\/pages\/124\/revisions\/1936"}],"wp:attachment":[{"href":"https:\/\/ipekhosting.com\/store\/wp-json\/wp\/v2\/media?parent=124"}],"curies":[{"name":"wp","href":"https:\/\/api.w.org\/{rel}","templated":true}]}}